{"id":280,"date":"2019-10-18T16:06:33","date_gmt":"2019-10-18T14:06:33","guid":{"rendered":"http:\/\/ecolesaintethereseliliaplouguerneau.fr\/?page_id=280"},"modified":"2025-03-16T21:40:56","modified_gmt":"2025-03-16T20:40:56","slug":"presentation-de-lecole","status":"publish","type":"page","link":"https:\/\/ecolesaintethereseliliaplouguerneau.fr\/index.php\/presentation-de-lecole\/","title":{"rendered":"Pr\u00e9sentation de l&rsquo;\u00e9cole"},"content":{"rendered":"<p>[et_pb_section fb_built=\u00a0\u00bb1&Prime; admin_label=\u00a0\u00bbsection\u00a0\u00bb _builder_version=\u00a0\u00bb3.17.6&Prime; background_size=\u00a0\u00bbinitial\u00a0\u00bb background_position=\u00a0\u00bbtop_left\u00a0\u00bb custom_padding=\u00a0\u00bb54px|0px|54px|0px|false|false\u00a0\u00bb][et_pb_row _builder_version=\u00a0\u00bb3.17.6&Prime;][et_pb_column type=\u00a0\u00bb4_4&Prime; _builder_version=\u00a0\u00bb3.17.6&Prime; parallax=\u00a0\u00bboff\u00a0\u00bb parallax_method=\u00a0\u00bbon\u00a0\u00bb][et_pb_text _builder_version=\u00a0\u00bb3.17.6&Prime;]<\/p>\n<h1 style=\"text-align: center;\">Pr\u00e9sentation de l&rsquo;\u00e9cole<\/h1>\n<p>[\/et_pb_text][\/et_pb_column][\/et_pb_row][et_pb_row custom_padding=\u00a0\u00bb27px|0px|0|0px|false|false\u00a0\u00bb admin_label=\u00a0\u00bbrow\u00a0\u00bb _builder_version=\u00a0\u00bb3.17.6&Prime; background_size=\u00a0\u00bbinitial\u00a0\u00bb background_position=\u00a0\u00bbtop_left\u00a0\u00bb background_repeat=\u00a0\u00bbrepeat\u00a0\u00bb][et_pb_column type=\u00a0\u00bb4_4&Prime; _builder_version=\u00a0\u00bb3.0.47&Prime; parallax=\u00a0\u00bboff\u00a0\u00bb parallax_method=\u00a0\u00bbon\u00a0\u00bb][et_pb_image src=\u00a0\u00bbhttp:\/\/ecolesaintethereseliliaplouguerneau.fr\/wp-content\/uploads\/2025\/03\/IMG_6569-scaled.jpg\u00a0\u00bb align=\u00a0\u00bbcenter\u00a0\u00bb _builder_version=\u00a0\u00bb3.17.6&Prime; max_width=\u00a0\u00bb42%\u00a0\u00bb][\/et_pb_image][et_pb_text _builder_version=\u00a0\u00bb3.17.6&Prime;]<\/p>\n<h4><span style=\"font-family: ABeeZee; font-weight: normal; color: #666666;\">L&rsquo;\u00e9cole Sainte Th\u00e9r\u00e8se est une structure familiale situ\u00e9e dans le bourg de Lilia \u00e0 Plouguerneau.<\/span><\/h4>\n<h4><span style=\"color: #666666; font-family: ABeeZee; font-weight: normal;\">\u00a0<\/span><\/h4>\n<h4><span style=\"font-family: ABeeZee; font-weight: normal; color: #666666;\">Les enfants sont accueillis dans 4 classes :<\/span><\/h4>\n<ul>\n<li>\n<h4><span style=\"font-family: ABeeZee; font-weight: normal; color: #666666;\"> TPS\/PS\/MS : Sophiane LE GOFF (directrice et enseignante le lundi, mardi, jeudi) et Laura LESCARRET\u00a0 (enseignante le Vendredi), Floriane Riou (ASEM) <\/span><\/h4>\n<\/li>\n<li>\n<h4><span style=\"font-family: ABeeZee; font-weight: normal; color: #666666;\"> GS\/CP : Am\u00e9lie LE BRIS (enseignante), M\u00e9lanie Kolabuck (ASEM) <\/span><\/h4>\n<\/li>\n<li>\n<h4><span style=\"font-family: ABeeZee; font-weight: normal; color: #666666;\"> CE1\/CE2 : Cindy Mestre (enseignante) <\/span><\/h4>\n<\/li>\n<li>\n<h4><span style=\"font-family: ABeeZee; font-weight: normal; color: #666666;\"> CM1\/CM2 : Sandra Morvan (enseignante)<\/span><\/h4>\n<\/li>\n<\/ul>\n<p><span style=\"font-family: ABeeZee; font-weight: normal; color: #666666;\"><\/span><\/p>\n<p>[\/et_pb_text][et_pb_text _builder_version=\u00a0\u00bb3.17.6&Prime; inline_fonts=\u00a0\u00bbABeeZee\u00a0\u00bb]<\/p>\n<h3 style=\"text-align: center;\"><span style=\"font-family: ABeeZee; font-weight: normal;\">Le b\u00e2timent maternelle<\/span><\/h3>\n<p>[\/et_pb_text][et_pb_image src=\u00a0\u00bbhttp:\/\/ecolesaintethereseliliaplouguerneau.fr\/wp-content\/uploads\/2025\/03\/IMG_6568-scaled.jpg\u00a0\u00bb _builder_version=\u00a0\u00bb3.17.6&Prime; max_width=\u00a0\u00bb41%\u00a0\u00bb module_alignment=\u00a0\u00bbcenter\u00a0\u00bb][\/et_pb_image][et_pb_text _builder_version=\u00a0\u00bb3.17.6&Prime;]<\/p>\n<h3><span><\/span><\/h3>\n<h4><span>Les enfants sont accueillis dans des classes spacieuses et lumineuses. Une salle de sieste \u00e0 l&rsquo;\u00e9tage permet aux enfants de se reposer en d\u00e9but d&rsquo;apr\u00e8s-midi.<\/span><\/h4>\n<p>[\/et_pb_text][et_pb_text admin_label=\u00a0\u00bbText\u00a0\u00bb _builder_version=\u00a0\u00bb3.17.6&Prime; text_font=\u00a0\u00bbTrebuchet||||||||\u00a0\u00bb text_font_size=\u00a0\u00bb17px\u00a0\u00bb background_size=\u00a0\u00bbinitial\u00a0\u00bb background_position=\u00a0\u00bbtop_left\u00a0\u00bb background_repeat=\u00a0\u00bbrepeat\u00a0\u00bb inline_fonts=\u00a0\u00bbSofia\u00a0\u00bb][\/et_pb_text][\/et_pb_column][\/et_pb_row][et_pb_row custom_padding=\u00a0\u00bb0|0px|27px|0px|false|false\u00a0\u00bb _builder_version=\u00a0\u00bb3.17.6&Prime;][et_pb_column type=\u00a0\u00bb1_2&Prime; _builder_version=\u00a0\u00bb3.17.6&Prime; parallax=\u00a0\u00bboff\u00a0\u00bb parallax_method=\u00a0\u00bbon\u00a0\u00bb][et_pb_slider show_image_video_mobile=\u00a0\u00bbon\u00a0\u00bb _builder_version=\u00a0\u00bb3.17.6&Prime; custom_css_before__hover_enabled=\u00a0\u00bbon\u00a0\u00bb custom_css_main_element__hover_enabled=\u00a0\u00bbon\u00a0\u00bb custom_css_main_element__hover=\u00a0\u00bb@media (max-width: 768px) {||  .slider img {||    max-width: 100% !important;||    height: auto !important;||    display: block !important;||  }||}||\u00a0\u00bb][et_pb_slide heading=\u00a0\u00bbClasse de PS\/MS\u00a0\u00bb image=\u00a0\u00bbhttp:\/\/ecolesaintethereseliliaplouguerneau.fr\/wp-content\/uploads\/2025\/03\/IMG_9996-1-scaled.jpg\u00a0\u00bb _builder_version=\u00a0\u00bb3.17.6&Prime;][\/et_pb_slide][et_pb_slide heading=\u00a0\u00bbClasse de PS\/MS\u00a0\u00bb image=\u00a0\u00bbhttp:\/\/ecolesaintethereseliliaplouguerneau.fr\/wp-content\/uploads\/2025\/03\/IMG_9989-1-scaled.jpg\u00a0\u00bb _builder_version=\u00a0\u00bb3.17.6&Prime;][\/et_pb_slide][et_pb_slide heading=\u00a0\u00bbClasse de PS\/MS\u00a0\u00bb image=\u00a0\u00bbhttp:\/\/ecolesaintethereseliliaplouguerneau.fr\/wp-content\/uploads\/2025\/03\/IMG_9997-1-scaled.jpg\u00a0\u00bb _builder_version=\u00a0\u00bb3.17.6&Prime;][\/et_pb_slide][et_pb_slide heading=\u00a0\u00bbClasse de PS\/MS\u00a0\u00bb image=\u00a0\u00bbhttp:\/\/ecolesaintethereseliliaplouguerneau.fr\/wp-content\/uploads\/2025\/03\/IMG_9999-scaled.jpg\u00a0\u00bb _builder_version=\u00a0\u00bb3.17.6&Prime;][\/et_pb_slide][\/et_pb_slider][\/et_pb_column][et_pb_column type=\u00a0\u00bb1_2&Prime; _builder_version=\u00a0\u00bb3.17.6&Prime; parallax=\u00a0\u00bboff\u00a0\u00bb parallax_method=\u00a0\u00bbon\u00a0\u00bb][et_pb_slider show_image_video_mobile=\u00a0\u00bbon\u00a0\u00bb _builder_version=\u00a0\u00bb3.17.6&Prime;][et_pb_slide heading=\u00a0\u00bbClasse de GS\/CP\u00a0\u00bb image=\u00a0\u00bbhttp:\/\/ecolesaintethereseliliaplouguerneau.fr\/wp-content\/uploads\/2025\/03\/IMG_6574-scaled.jpg\u00a0\u00bb _builder_version=\u00a0\u00bb3.17.6&Prime;][\/et_pb_slide][et_pb_slide heading=\u00a0\u00bbClasse de GS\/CP\u00a0\u00bb image=\u00a0\u00bbhttp:\/\/ecolesaintethereseliliaplouguerneau.fr\/wp-content\/uploads\/2025\/03\/c81e6dc9-e1cb-463e-87f4-65ccfe29b4cd.jpg\u00a0\u00bb _builder_version=\u00a0\u00bb3.17.6&Prime;][\/et_pb_slide][et_pb_slide heading=\u00a0\u00bbClasse de GS\/CP\u00a0\u00bb image=\u00a0\u00bbhttp:\/\/ecolesaintethereseliliaplouguerneau.fr\/wp-content\/uploads\/2025\/03\/69884cd4-4c12-4449-bbef-8bcf442ea806.jpg\u00a0\u00bb _builder_version=\u00a0\u00bb3.17.6&Prime;][\/et_pb_slide][et_pb_slide heading=\u00a0\u00bbClasse de GS\/CP\u00a0\u00bb image=\u00a0\u00bbhttp:\/\/ecolesaintethereseliliaplouguerneau.fr\/wp-content\/uploads\/2025\/03\/a84c25fb-0637-4977-addd-0c54156285f4.jpg\u00a0\u00bb _builder_version=\u00a0\u00bb3.17.6&Prime;][\/et_pb_slide][\/et_pb_slider][\/et_pb_column][\/et_pb_row][et_pb_row _builder_version=\u00a0\u00bb3.17.6&Prime;][et_pb_column type=\u00a0\u00bb1_3&Prime; _builder_version=\u00a0\u00bb3.17.6&Prime; parallax=\u00a0\u00bboff\u00a0\u00bb parallax_method=\u00a0\u00bbon\u00a0\u00bb][et_pb_slider show_image_video_mobile=\u00a0\u00bbon\u00a0\u00bb _builder_version=\u00a0\u00bb3.17.6&Prime;][et_pb_slide heading=\u00a0\u00bbCouloir maternelle\u00a0\u00bb image=\u00a0\u00bbhttp:\/\/ecolesaintethereseliliaplouguerneau.fr\/wp-content\/uploads\/2025\/03\/IMG_9994-scaled.jpg\u00a0\u00bb _builder_version=\u00a0\u00bb3.17.6&Prime;][\/et_pb_slide][et_pb_slide heading=\u00a0\u00bbCouloir maternelle\u00a0\u00bb image=\u00a0\u00bbhttp:\/\/ecolesaintethereseliliaplouguerneau.fr\/wp-content\/uploads\/2025\/03\/IMG_9995-1-scaled.jpg\u00a0\u00bb _builder_version=\u00a0\u00bb3.17.6&Prime;][\/et_pb_slide][\/et_pb_slider][\/et_pb_column][et_pb_column type=\u00a0\u00bb1_3&Prime; _builder_version=\u00a0\u00bb3.17.6&Prime; parallax=\u00a0\u00bboff\u00a0\u00bb parallax_method=\u00a0\u00bbon\u00a0\u00bb][et_pb_slider show_image_video_mobile=\u00a0\u00bbon\u00a0\u00bb _builder_version=\u00a0\u00bb3.17.6&Prime;][et_pb_slide heading=\u00a0\u00bbSalle de sieste\u00a0\u00bb image=\u00a0\u00bbhttp:\/\/ecolesaintethereseliliaplouguerneau.fr\/wp-content\/uploads\/2025\/03\/IMG_9993-1-scaled.jpg\u00a0\u00bb _builder_version=\u00a0\u00bb3.17.6&Prime;][\/et_pb_slide][et_pb_slide heading=\u00a0\u00bbSalle de sieste\u00a0\u00bb image=\u00a0\u00bbhttp:\/\/ecolesaintethereseliliaplouguerneau.fr\/wp-content\/uploads\/2025\/03\/IMG_9992-1-scaled.jpg\u00a0\u00bb _builder_version=\u00a0\u00bb3.17.6&Prime;][\/et_pb_slide][\/et_pb_slider][\/et_pb_column][et_pb_column type=\u00a0\u00bb1_3&Prime; _builder_version=\u00a0\u00bb3.17.6&Prime; parallax=\u00a0\u00bboff\u00a0\u00bb parallax_method=\u00a0\u00bbon\u00a0\u00bb][et_pb_slider show_image_video_mobile=\u00a0\u00bbon\u00a0\u00bb _builder_version=\u00a0\u00bb3.17.6&Prime;][et_pb_slide heading=\u00a0\u00bbCour de r\u00e9cr\u00e9ation Maternelle\u00a0\u00bb image=\u00a0\u00bbhttp:\/\/ecolesaintethereseliliaplouguerneau.fr\/wp-content\/uploads\/2025\/03\/IMG_3779-scaled.jpg\u00a0\u00bb _builder_version=\u00a0\u00bb3.17.6&Prime;][\/et_pb_slide][et_pb_slide heading=\u00a0\u00bbCour de r\u00e9cr\u00e9ation Maternelle\u00a0\u00bb image=\u00a0\u00bbhttp:\/\/ecolesaintethereseliliaplouguerneau.fr\/wp-content\/uploads\/2025\/03\/IMG_3775-scaled.jpg\u00a0\u00bb _builder_version=\u00a0\u00bb3.17.6&Prime;][\/et_pb_slide][\/et_pb_slider][\/et_pb_column][\/et_pb_row][et_pb_row _builder_version=\u00a0\u00bb3.17.6&Prime;][et_pb_column type=\u00a0\u00bb4_4&Prime; _builder_version=\u00a0\u00bb3.17.6&Prime; parallax=\u00a0\u00bboff\u00a0\u00bb parallax_method=\u00a0\u00bbon\u00a0\u00bb][et_pb_text _builder_version=\u00a0\u00bb3.17.6&Prime;]<\/p>\n<h3 style=\"text-align: center;\"><span>Le b\u00e2timent primaire<\/span><\/h3>\n<p><span><\/span><\/p>\n<h4><span>Les classes des CE1\/CE2 et CM1\/CM2 se situent dans le deuxi\u00e8me b\u00e2timent o\u00f9 l&rsquo;on retrouve aussi la cantine, la salle de motricit\u00e9 et la salle d&rsquo;anglais et de regroupement.<\/span><\/h4>\n<p>[\/et_pb_text][\/et_pb_column][\/et_pb_row][et_pb_row _builder_version=\u00a0\u00bb3.17.6&Prime;][et_pb_column type=\u00a0\u00bb1_3&Prime; _builder_version=\u00a0\u00bb3.17.6&Prime; parallax=\u00a0\u00bboff\u00a0\u00bb parallax_method=\u00a0\u00bbon\u00a0\u00bb][et_pb_slider show_image_video_mobile=\u00a0\u00bbon\u00a0\u00bb _builder_version=\u00a0\u00bb3.17.6&Prime;][et_pb_slide heading=\u00a0\u00bbClasse de CE1\/CE2&Prime; image=\u00a0\u00bbhttp:\/\/ecolesaintethereseliliaplouguerneau.fr\/wp-content\/uploads\/2025\/03\/IMG_3765-scaled.jpg\u00a0\u00bb _builder_version=\u00a0\u00bb3.17.6&Prime;][\/et_pb_slide][\/et_pb_slider][\/et_pb_column][et_pb_column type=\u00a0\u00bb1_3&Prime; _builder_version=\u00a0\u00bb3.17.6&Prime; parallax=\u00a0\u00bboff\u00a0\u00bb parallax_method=\u00a0\u00bbon\u00a0\u00bb][et_pb_slider show_image_video_mobile=\u00a0\u00bbon\u00a0\u00bb _builder_version=\u00a0\u00bb3.17.6&Prime;][et_pb_slide heading=\u00a0\u00bbClasse de CM1\/CM2&Prime; image=\u00a0\u00bbhttp:\/\/ecolesaintethereseliliaplouguerneau.fr\/wp-content\/uploads\/2025\/03\/IMG_3767-scaled.jpg\u00a0\u00bb _builder_version=\u00a0\u00bb3.17.6&Prime;][\/et_pb_slide][et_pb_slide heading=\u00a0\u00bbClasse de CM1\/CM2&Prime; image=\u00a0\u00bbhttp:\/\/ecolesaintethereseliliaplouguerneau.fr\/wp-content\/uploads\/2025\/03\/IMG_3768-scaled.jpg\u00a0\u00bb _builder_version=\u00a0\u00bb3.17.6&Prime;][\/et_pb_slide][\/et_pb_slider][\/et_pb_column][et_pb_column type=\u00a0\u00bb1_3&Prime; _builder_version=\u00a0\u00bb3.17.6&Prime; parallax=\u00a0\u00bboff\u00a0\u00bb parallax_method=\u00a0\u00bbon\u00a0\u00bb][et_pb_slider show_image_video_mobile=\u00a0\u00bbon\u00a0\u00bb _builder_version=\u00a0\u00bb3.17.6&Prime;][et_pb_slide heading=\u00a0\u00bbClasse d&rsquo;anglais et de regroupement\u00a0\u00bb image=\u00a0\u00bbhttp:\/\/ecolesaintethereseliliaplouguerneau.fr\/wp-content\/uploads\/2025\/03\/IMG_3763-scaled.jpg\u00a0\u00bb _builder_version=\u00a0\u00bb3.17.6&Prime;][\/et_pb_slide][et_pb_slide heading=\u00a0\u00bbClasse d&rsquo;anglais et de regroupement\u00a0\u00bb image=\u00a0\u00bbhttp:\/\/ecolesaintethereseliliaplouguerneau.fr\/wp-content\/uploads\/2025\/03\/IMG_3762-scaled.jpg\u00a0\u00bb _builder_version=\u00a0\u00bb3.17.6&Prime;][\/et_pb_slide][\/et_pb_slider][\/et_pb_column][\/et_pb_row][et_pb_row _builder_version=\u00a0\u00bb3.17.6&Prime;][et_pb_column type=\u00a0\u00bb1_3&Prime; _builder_version=\u00a0\u00bb3.17.6&Prime; parallax=\u00a0\u00bboff\u00a0\u00bb parallax_method=\u00a0\u00bbon\u00a0\u00bb][et_pb_slider show_image_video_mobile=\u00a0\u00bbon\u00a0\u00bb _builder_version=\u00a0\u00bb3.17.6&Prime;][et_pb_slide heading=\u00a0\u00bbCantine\u00a0\u00bb image=\u00a0\u00bbhttp:\/\/ecolesaintethereseliliaplouguerneau.fr\/wp-content\/uploads\/2025\/03\/IMG_3771-scaled.jpg\u00a0\u00bb _builder_version=\u00a0\u00bb3.17.6&Prime;][\/et_pb_slide][et_pb_slide heading=\u00a0\u00bbCantine\u00a0\u00bb image=\u00a0\u00bbhttp:\/\/ecolesaintethereseliliaplouguerneau.fr\/wp-content\/uploads\/2025\/03\/IMG_3770-scaled.jpg\u00a0\u00bb _builder_version=\u00a0\u00bb3.17.6&Prime;][\/et_pb_slide][\/et_pb_slider][\/et_pb_column][et_pb_column type=\u00a0\u00bb1_3&Prime; _builder_version=\u00a0\u00bb3.17.6&Prime; parallax=\u00a0\u00bboff\u00a0\u00bb parallax_method=\u00a0\u00bbon\u00a0\u00bb][et_pb_slider show_image_video_mobile=\u00a0\u00bbon\u00a0\u00bb _builder_version=\u00a0\u00bb3.17.6&Prime;][et_pb_slide heading=\u00a0\u00bbSalle de motricit\u00e9\u00a0\u00bb image=\u00a0\u00bbhttp:\/\/ecolesaintethereseliliaplouguerneau.fr\/wp-content\/uploads\/2025\/03\/IMG_3772-scaled.jpg\u00a0\u00bb _builder_version=\u00a0\u00bb3.17.6&Prime;][\/et_pb_slide][et_pb_slide heading=\u00a0\u00bbSalle de motricit\u00e9\u00a0\u00bb image=\u00a0\u00bbhttp:\/\/ecolesaintethereseliliaplouguerneau.fr\/wp-content\/uploads\/2025\/03\/IMG_3774-scaled.jpg\u00a0\u00bb _builder_version=\u00a0\u00bb3.17.6&Prime;][\/et_pb_slide][\/et_pb_slider][\/et_pb_column][et_pb_column type=\u00a0\u00bb1_3&Prime; _builder_version=\u00a0\u00bb3.17.6&Prime; parallax=\u00a0\u00bboff\u00a0\u00bb parallax_method=\u00a0\u00bbon\u00a0\u00bb][et_pb_slider show_image_video_mobile=\u00a0\u00bbon\u00a0\u00bb _builder_version=\u00a0\u00bb3.17.6&Prime;][et_pb_slide heading=\u00a0\u00bbCour de r\u00e9cr\u00e9ation\u00a0\u00bb image=\u00a0\u00bbhttp:\/\/ecolesaintethereseliliaplouguerneau.fr\/wp-content\/uploads\/2025\/03\/IMG_6572-scaled.jpg\u00a0\u00bb _builder_version=\u00a0\u00bb3.17.6&Prime;][\/et_pb_slide][et_pb_slide heading=\u00a0\u00bbCour de r\u00e9cr\u00e9ation\u00a0\u00bb image=\u00a0\u00bbhttp:\/\/ecolesaintethereseliliaplouguerneau.fr\/wp-content\/uploads\/2025\/03\/IMG_3776-scaled.jpg\u00a0\u00bb _builder_version=\u00a0\u00bb3.17.6&Prime;][\/et_pb_slide][et_pb_slide heading=\u00a0\u00bbCour de r\u00e9cr\u00e9ation\u00a0\u00bb image=\u00a0\u00bbhttp:\/\/ecolesaintethereseliliaplouguerneau.fr\/wp-content\/uploads\/2025\/03\/IMG_3777-scaled.jpg\u00a0\u00bb _builder_version=\u00a0\u00bb3.17.6&Prime;][\/et_pb_slide][\/et_pb_slider][\/et_pb_column][\/et_pb_row][\/et_pb_section]<\/p>\n","protected":false},"excerpt":{"rendered":"<p>[et_pb_section fb_built=\u00a0\u00bb1&Prime; admin_label=\u00a0\u00bbsection\u00a0\u00bb _builder_version=\u00a0\u00bb3.17.6&Prime; background_size=\u00a0\u00bbinitial\u00a0\u00bb background_position=\u00a0\u00bbtop_left\u00a0\u00bb custom_padding=\u00a0\u00bb54px|0px|54px|0px|false|false\u00a0\u00bb][et_pb_row _builder_version=\u00a0\u00bb3.17.6&Prime;][et_pb_column type=\u00a0\u00bb4_4&Prime; _builder_version=\u00a0\u00bb3.17.6&Prime; parallax=\u00a0\u00bboff\u00a0\u00bb parallax_method=\u00a0\u00bbon\u00a0\u00bb][et_pb_text _builder_version=\u00a0\u00bb3.17.6&Prime;] Pr\u00e9sentation de l&rsquo;\u00e9cole [\/et_pb_text][\/et_pb_column][\/et_pb_row][et_pb_row custom_padding=\u00a0\u00bb27px|0px|0|0px|false|false\u00a0\u00bb admin_label=\u00a0\u00bbrow\u00a0\u00bb _builder_version=\u00a0\u00bb3.17.6&Prime; background_size=\u00a0\u00bbinitial\u00a0\u00bb background_position=\u00a0\u00bbtop_left\u00a0\u00bb background_repeat=\u00a0\u00bbrepeat\u00a0\u00bb][et_pb_column type=\u00a0\u00bb4_4&Prime; _builder_version=\u00a0\u00bb3.0.47&Prime; parallax=\u00a0\u00bboff\u00a0\u00bb parallax_method=\u00a0\u00bbon\u00a0\u00bb][et_pb_image src=\u00a0\u00bbhttp:\/\/ecolesaintethereseliliaplouguerneau.fr\/wp-content\/uploads\/2025\/03\/IMG_6569-scaled.jpg\u00a0\u00bb align=\u00a0\u00bbcenter\u00a0\u00bb _builder_version=\u00a0\u00bb3.17.6&Prime; max_width=\u00a0\u00bb42%\u00a0\u00bb][\/et_pb_image][et_pb_text _builder_version=\u00a0\u00bb3.17.6&Prime;] L&rsquo;\u00e9cole Sainte Th\u00e9r\u00e8se est une structure familiale situ\u00e9e dans le bourg de Lilia \u00e0 Plouguerneau. \u00a0 Les enfants sont accueillis dans 4 classes [&hellip;]<\/p>\n","protected":false},"author":1,"featured_media":0,"parent":0,"menu_order":0,"comment_status":"closed","ping_status":"closed","template":"","meta":{"footnotes":""},"_links":{"self":[{"href":"https:\/\/ecolesaintethereseliliaplouguerneau.fr\/index.php\/wp-json\/wp\/v2\/pages\/280"}],"collection":[{"href":"https:\/\/ecolesaintethereseliliaplouguerneau.fr\/index.php\/wp-json\/wp\/v2\/pages"}],"about":[{"href":"https:\/\/ecolesaintethereseliliaplouguerneau.fr\/index.php\/wp-json\/wp\/v2\/types\/page"}],"author":[{"embeddable":true,"href":"https:\/\/ecolesaintethereseliliaplouguerneau.fr\/index.php\/wp-json\/wp\/v2\/users\/1"}],"replies":[{"embeddable":true,"href":"https:\/\/ecolesaintethereseliliaplouguerneau.fr\/index.php\/wp-json\/wp\/v2\/comments?post=280"}],"version-history":[{"count":32,"href":"https:\/\/ecolesaintethereseliliaplouguerneau.fr\/index.php\/wp-json\/wp\/v2\/pages\/280\/revisions"}],"predecessor-version":[{"id":10218,"href":"https:\/\/ecolesaintethereseliliaplouguerneau.fr\/index.php\/wp-json\/wp\/v2\/pages\/280\/revisions\/10218"}],"wp:attachment":[{"href":"https:\/\/ecolesaintethereseliliaplouguerneau.fr\/index.php\/wp-json\/wp\/v2\/media?parent=280"}],"curies":[{"name":"wp","href":"https:\/\/api.w.org\/{rel}","templated":true}]}}