{"id":299,"date":"2019-10-18T16:24:18","date_gmt":"2019-10-18T14:24:18","guid":{"rendered":"http:\/\/ecolesaintethereseliliaplouguerneau.fr\/?page_id=299"},"modified":"2024-05-15T12:12:43","modified_gmt":"2024-05-15T10:12:43","slug":"informations-pratiques","status":"publish","type":"page","link":"https:\/\/ecolesaintethereseliliaplouguerneau.fr\/index.php\/informations-pratiques\/","title":{"rendered":"Informations pratiques"},"content":{"rendered":"<p>[et_pb_section fb_built=\u00a0\u00bb1&Prime; fullwidth=\u00a0\u00bbon\u00a0\u00bb admin_label=\u00a0\u00bbHero\u00a0\u00bb _builder_version=\u00a0\u00bb3.17.6&Prime; use_background_color_gradient=\u00a0\u00bbon\u00a0\u00bb background_color_gradient_start=\u00a0\u00bb#eeeff2&Prime; background_color_gradient_end=\u00a0\u00bbrgba(238,239,242,0)\u00a0\u00bb background_color_gradient_direction=\u00a0\u00bb90deg\u00a0\u00bb background_color_gradient_start_position=\u00a0\u00bb33%\u00a0\u00bb background_color_gradient_end_position=\u00a0\u00bb52%\u00a0\u00bb background_color_gradient_overlays_image=\u00a0\u00bbon\u00a0\u00bb background_image=\u00a0\u00bbhttp:\/\/ecolesaintethereseliliaplouguerneau.fr\/wp-content\/uploads\/2019\/05\/pencils-1.png\u00a0\u00bb background_size=\u00a0\u00bbcontain\u00a0\u00bb background_position=\u00a0\u00bbcenter_right\u00a0\u00bb][et_pb_fullwidth_header subhead=\u00a0\u00bbInformations pratiques\u00a0\u00bb content_max_width=\u00a0\u00bb600px\u00a0\u00bb _builder_version=\u00a0\u00bb3.17.6&Prime; _dynamic_attributes=\u00a0\u00bbtitle\u00a0\u00bb title_level=\u00a0\u00bbh5&Prime; title_font=\u00a0\u00bb|700||on|||||\u00a0\u00bb title_text_align=\u00a0\u00bbjustify\u00a0\u00bb title_text_color=\u00a0\u00bb#000000&Prime; title_font_size=\u00a0\u00bb37px\u00a0\u00bb title_line_height=\u00a0\u00bb0.5em\u00a0\u00bb title_text_shadow_style=\u00a0\u00bbpreset4&Prime; content_font=\u00a0\u00bbRubik||||||||\u00a0\u00bb content_font_size=\u00a0\u00bb18px\u00a0\u00bb content_line_height=\u00a0\u00bb1.7em\u00a0\u00bb subhead_font=\u00a0\u00bbRubik|700|||||||\u00a0\u00bb subhead_text_color=\u00a0\u00bbrgba(0,0,0,0.8)\u00a0\u00bb subhead_font_size=\u00a0\u00bb50px\u00a0\u00bb subhead_font_size_phone=\u00a0\u00bb30px\u00a0\u00bb subhead_font_size_last_edited=\u00a0\u00bbon|phone\u00a0\u00bb subhead_line_height=\u00a0\u00bb1.5em\u00a0\u00bb background_color=\u00a0\u00bbrgba(255,255,255,0)\u00a0\u00bb use_background_color_gradient=\u00a0\u00bbon\u00a0\u00bb background_color_gradient_start=\u00a0\u00bbrgba(255,255,255,0)\u00a0\u00bb background_color_gradient_end=\u00a0\u00bbrgba(255,255,255,0.7)\u00a0\u00bb background_color_gradient_start_position=\u00a0\u00bb50%\u00a0\u00bb background_size=\u00a0\u00bbcontain\u00a0\u00bb background_position=\u00a0\u00bbbottom_center\u00a0\u00bb custom_button_two=\u00a0\u00bbon\u00a0\u00bb button_two_text_size=\u00a0\u00bb16px\u00a0\u00bb button_two_text_color=\u00a0\u00bb#ffffff\u00a0\u00bb button_two_bg_color=\u00a0\u00bbrgba(0,0,0,0.6)\u00a0\u00bb button_two_border_width=\u00a0\u00bb15px\u00a0\u00bb button_two_border_color=\u00a0\u00bbrgba(210,159,104,0)\u00a0\u00bb button_two_border_radius=\u00a0\u00bb100px\u00a0\u00bb button_two_letter_spacing=\u00a0\u00bb0px\u00a0\u00bb button_two_font=\u00a0\u00bbRubik|700|||||||\u00a0\u00bb button_two_use_icon=\u00a0\u00bboff\u00a0\u00bb custom_button_one=\u00a0\u00bbon\u00a0\u00bb button_one_text_size=\u00a0\u00bb16px\u00a0\u00bb button_one_text_color=\u00a0\u00bb#ffffff\u00a0\u00bb button_one_bg_color=\u00a0\u00bb#ff7355&Prime; button_one_border_width=\u00a0\u00bb15px\u00a0\u00bb button_one_border_color=\u00a0\u00bbrgba(210,159,104,0)\u00a0\u00bb button_one_border_radius=\u00a0\u00bb100px\u00a0\u00bb button_one_letter_spacing=\u00a0\u00bb0px\u00a0\u00bb button_one_font=\u00a0\u00bbRubik|700|||||||\u00a0\u00bb button_one_use_icon=\u00a0\u00bboff\u00a0\u00bb background_layout=\u00a0\u00bblight\u00a0\u00bb max_width_last_edited=\u00a0\u00bboff|desktop\u00a0\u00bb module_alignment=\u00a0\u00bbcenter\u00a0\u00bb custom_margin=\u00a0\u00bb0px||-5px|\u00a0\u00bb custom_padding=\u00a0\u00bb8vw||4vw|\u00a0\u00bb text_shadow_style=\u00a0\u00bbpreset4&Prime; text_shadow_horizontal_length=\u00a0\u00bb-0.01em\u00a0\u00bb text_shadow_vertical_length=\u00a0\u00bb-0.01em\u00a0\u00bb text_shadow_color=\u00a0\u00bb#000000&Prime; button_one_border_radius_hover=\u00a0\u00bb100px\u00a0\u00bb button_two_border_radius_hover=\u00a0\u00bb100px\u00a0\u00bb button_one_bg_color_hover=\u00a0\u00bb#ff8a70&Prime; button_two_bg_color_hover=\u00a0\u00bb#ff8a70&Prime; button_one_text_size__hover_enabled=\u00a0\u00bboff\u00a0\u00bb button_two_text_size__hover_enabled=\u00a0\u00bboff\u00a0\u00bb button_one_text_color__hover_enabled=\u00a0\u00bboff\u00a0\u00bb button_two_text_color__hover_enabled=\u00a0\u00bboff\u00a0\u00bb button_one_border_width__hover_enabled=\u00a0\u00bboff\u00a0\u00bb button_two_border_width__hover_enabled=\u00a0\u00bboff\u00a0\u00bb button_one_border_color__hover_enabled=\u00a0\u00bboff\u00a0\u00bb button_two_border_color__hover_enabled=\u00a0\u00bboff\u00a0\u00bb button_one_border_radius__hover_enabled=\u00a0\u00bbon\u00a0\u00bb button_one_border_radius__hover=\u00a0\u00bb100px\u00a0\u00bb button_two_border_radius__hover_enabled=\u00a0\u00bbon\u00a0\u00bb button_two_border_radius__hover=\u00a0\u00bb100px\u00a0\u00bb button_one_letter_spacing__hover_enabled=\u00a0\u00bboff\u00a0\u00bb button_two_letter_spacing__hover_enabled=\u00a0\u00bboff\u00a0\u00bb button_one_bg_color__hover_enabled=\u00a0\u00bbon\u00a0\u00bb button_one_bg_color__hover=\u00a0\u00bb#ff8a70&Prime; button_two_bg_color__hover_enabled=\u00a0\u00bbon\u00a0\u00bb button_two_bg_color__hover=\u00a0\u00bb#ff8a70&Prime;][\/et_pb_fullwidth_header][\/et_pb_section][et_pb_section fb_built=\u00a0\u00bb1&Prime; admin_label=\u00a0\u00bbStaff\u00a0\u00bb _builder_version=\u00a0\u00bb3.5&Prime; custom_padding=\u00a0\u00bb0|0px|54px|0px|false|false\u00a0\u00bb][et_pb_row admin_label=\u00a0\u00bbTitle Row\u00a0\u00bb _builder_version=\u00a0\u00bb3.3&Prime;][et_pb_column type=\u00a0\u00bb4_4&Prime; _builder_version=\u00a0\u00bb3.0.47&Prime; parallax=\u00a0\u00bboff\u00a0\u00bb parallax_method=\u00a0\u00bbon\u00a0\u00bb][et_pb_text _builder_version=\u00a0\u00bb3.17.6&Prime; text_font=\u00a0\u00bbRubik|500|||||||\u00a0\u00bb text_font_size=\u00a0\u00bb16px\u00a0\u00bb text_line_height=\u00a0\u00bb2em\u00a0\u00bb text_line_height_last_edited=\u00a0\u00bboff|desktop\u00a0\u00bb header_font=\u00a0\u00bb||||||||\u00a0\u00bb header_2_font=\u00a0\u00bbRubik|700|||||||\u00a0\u00bb header_2_font_size=\u00a0\u00bb40px\u00a0\u00bb header_2_line_height=\u00a0\u00bb1.4em\u00a0\u00bb header_5_font=\u00a0\u00bbRubik|700||on|||||\u00a0\u00bb header_5_text_color=\u00a0\u00bb#2b76df\u00a0\u00bb header_5_letter_spacing=\u00a0\u00bb5px\u00a0\u00bb header_5_line_height=\u00a0\u00bb1.5em\u00a0\u00bb text_orientation=\u00a0\u00bbcenter\u00a0\u00bb max_width=\u00a0\u00bb600px\u00a0\u00bb module_alignment=\u00a0\u00bbcenter\u00a0\u00bb inline_fonts=\u00a0\u00bbArial\u00a0\u00bb]<\/p>\n<h1 style=\"text-align: left;\"><span style=\"font-family: Arial; font-weight: normal;\"><strong><span style=\"color: #000080;\">Horaires<\/span><br \/> <\/strong><\/span><\/h1>\n<p><span style=\"font-family: Arial; font-weight: normal;\"><strong><\/strong><\/span><\/p>\n<h3 style=\"text-align: left;\"><strong><span style=\"text-decoration: underline;\"><span style=\"font-family: Arial;\">Ecole:<\/span><\/span><\/strong><\/h3>\n<p style=\"text-align: left;\"><span style=\"font-family: Arial; font-weight: normal;\"><strong>Matin : 8 h 45 &#8211; 12 h 00<\/strong><\/span><\/p>\n<p style=\"text-align: left;\"><span style=\"font-family: Arial; font-weight: normal;\"><strong>Apr\u00e8s-midi : 13 h 30 &#8211; 16 h 30<\/strong><\/span><\/p>\n<h3 style=\"text-align: left;\"><strong><span style=\"font-family: Arial;\"><span style=\"text-decoration: underline;\">Garderie :<\/span> <\/span><\/strong><\/h3>\n<p style=\"text-align: left;\"><span style=\"font-family: Arial; font-weight: normal;\"><strong>La garderie est g\u00e9r\u00e9e par l&rsquo;association : \u00ab\u00a0Familles rurales\u00a0\u00bb. Les enfants sont accueillis dans les locaux de l&rsquo;association le matin de 7 h \u00e0 8 h 45 et le soir de 16 h 30 \u00e0 19 h 00.<\/strong><\/span><\/p>\n<p style=\"text-align: left;\"><span style=\"font-family: Arial; font-weight: normal;\"><strong><\/strong><\/span><\/p>\n<h1 style=\"text-align: left;\"><span style=\"font-family: Arial; font-weight: normal;\"><strong><span style=\"color: #000080;\">Tarifs<\/span>\u00a0 <\/strong><\/span><\/h1>\n<p><span style=\"font-family: Arial; font-weight: normal;\"><strong><\/strong><\/span><\/p>\n<h3 style=\"text-align: left;\"><strong><span style=\"font-family: Arial;\"><span style=\"text-decoration: underline;\">Frais de scolarit\u00e9:<\/span> <\/span><\/strong><\/h3>\n<p style=\"text-align: left;\"><span style=\"font-family: Arial; font-weight: normal;\"><strong>32 euros par mois (10 mois)<br \/> <\/strong><\/span><\/p>\n<p style=\"text-align: left;\"><span style=\"font-family: Arial; font-weight: normal;\"><strong>Une r\u00e9duction de 50 % est accord\u00e9e \u00e0 partir du troisi\u00e8me enfant.<\/strong><\/span><\/p>\n<h3 style=\"text-align: left;\"><strong><span style=\"font-family: Arial;\"><span style=\"text-decoration: underline;\">Cantine:<\/span> <\/span><\/strong><\/h3>\n<p style=\"text-align: left;\"><span style=\"font-family: Arial; font-weight: normal;\"><strong>Maternelle : 4,00 euros par repas<br \/> <\/strong><\/span><\/p>\n<p style=\"text-align: left;\"><span style=\"font-family: Arial; font-weight: normal;\"><strong>Primaire : 4,20 euros par repas<\/strong><\/span><\/p>\n<p style=\"text-align: left;\"><span style=\"font-family: Arial; font-weight: normal;\"><strong>\u00a0<\/strong><\/span><\/p>\n<p style=\"text-align: left;\"><span style=\"font-family: Arial; font-weight: normal;\"><strong>\u00a0<\/strong><\/span><\/p>\n<p style=\"text-align: left;\"><span style=\"font-family: Arial; font-weight: normal;\"><strong><\/strong><\/span><\/p>\n<p>&nbsp;<\/p>\n<p>&nbsp;<\/p>\n<p>[\/et_pb_text][\/et_pb_column][\/et_pb_row][\/et_pb_section][et_pb_section fb_built=\u00a0\u00bb1&Prime; background_color_gradient_end_1=\u00a0\u00bb#c7cbd4&Prime; admin_label=\u00a0\u00bbPrinciple Quote\u00a0\u00bb _builder_version=\u00a0\u00bb3.17.6&Prime; custom_padding=\u00a0\u00bb0|0px|0|0px|false|false\u00a0\u00bb locked=\u00a0\u00bboff\u00a0\u00bb][\/et_pb_section]<\/p>\n","protected":false},"excerpt":{"rendered":"<p>[et_pb_section fb_built=\u00a0\u00bb1&Prime; fullwidth=\u00a0\u00bbon\u00a0\u00bb admin_label=\u00a0\u00bbHero\u00a0\u00bb _builder_version=\u00a0\u00bb3.17.6&Prime; use_background_color_gradient=\u00a0\u00bbon\u00a0\u00bb background_color_gradient_start=\u00a0\u00bb#eeeff2&Prime; background_color_gradient_end=\u00a0\u00bbrgba(238,239,242,0)\u00a0\u00bb background_color_gradient_direction=\u00a0\u00bb90deg\u00a0\u00bb background_color_gradient_start_position=\u00a0\u00bb33%\u00a0\u00bb background_color_gradient_end_position=\u00a0\u00bb52%\u00a0\u00bb background_color_gradient_overlays_image=\u00a0\u00bbon\u00a0\u00bb background_image=\u00a0\u00bbhttp:\/\/ecolesaintethereseliliaplouguerneau.fr\/wp-content\/uploads\/2019\/05\/pencils-1.png\u00a0\u00bb background_size=\u00a0\u00bbcontain\u00a0\u00bb background_position=\u00a0\u00bbcenter_right\u00a0\u00bb][et_pb_fullwidth_header subhead=\u00a0\u00bbInformations pratiques\u00a0\u00bb content_max_width=\u00a0\u00bb600px\u00a0\u00bb _builder_version=\u00a0\u00bb3.17.6&Prime; _dynamic_attributes=\u00a0\u00bbtitle\u00a0\u00bb title_level=\u00a0\u00bbh5&Prime; title_font=\u00a0\u00bb|700||on|||||\u00a0\u00bb title_text_align=\u00a0\u00bbjustify\u00a0\u00bb title_text_color=\u00a0\u00bb#000000&Prime; title_font_size=\u00a0\u00bb37px\u00a0\u00bb title_line_height=\u00a0\u00bb0.5em\u00a0\u00bb title_text_shadow_style=\u00a0\u00bbpreset4&Prime; content_font=\u00a0\u00bbRubik||||||||\u00a0\u00bb content_font_size=\u00a0\u00bb18px\u00a0\u00bb content_line_height=\u00a0\u00bb1.7em\u00a0\u00bb subhead_font=\u00a0\u00bbRubik|700|||||||\u00a0\u00bb subhead_text_color=\u00a0\u00bbrgba(0,0,0,0.8)\u00a0\u00bb subhead_font_size=\u00a0\u00bb50px\u00a0\u00bb subhead_font_size_phone=\u00a0\u00bb30px\u00a0\u00bb subhead_font_size_last_edited=\u00a0\u00bbon|phone\u00a0\u00bb subhead_line_height=\u00a0\u00bb1.5em\u00a0\u00bb background_color=\u00a0\u00bbrgba(255,255,255,0)\u00a0\u00bb use_background_color_gradient=\u00a0\u00bbon\u00a0\u00bb background_color_gradient_start=\u00a0\u00bbrgba(255,255,255,0)\u00a0\u00bb background_color_gradient_end=\u00a0\u00bbrgba(255,255,255,0.7)\u00a0\u00bb background_color_gradient_start_position=\u00a0\u00bb50%\u00a0\u00bb background_size=\u00a0\u00bbcontain\u00a0\u00bb background_position=\u00a0\u00bbbottom_center\u00a0\u00bb custom_button_two=\u00a0\u00bbon\u00a0\u00bb button_two_text_size=\u00a0\u00bb16px\u00a0\u00bb button_two_text_color=\u00a0\u00bb#ffffff\u00a0\u00bb button_two_bg_color=\u00a0\u00bbrgba(0,0,0,0.6)\u00a0\u00bb button_two_border_width=\u00a0\u00bb15px\u00a0\u00bb button_two_border_color=\u00a0\u00bbrgba(210,159,104,0)\u00a0\u00bb button_two_border_radius=\u00a0\u00bb100px\u00a0\u00bb button_two_letter_spacing=\u00a0\u00bb0px\u00a0\u00bb button_two_font=\u00a0\u00bbRubik|700|||||||\u00a0\u00bb button_two_use_icon=\u00a0\u00bboff\u00a0\u00bb custom_button_one=\u00a0\u00bbon\u00a0\u00bb button_one_text_size=\u00a0\u00bb16px\u00a0\u00bb [&hellip;]<\/p>\n","protected":false},"author":1,"featured_media":0,"parent":0,"menu_order":0,"comment_status":"closed","ping_status":"closed","template":"","meta":{"footnotes":""},"_links":{"self":[{"href":"https:\/\/ecolesaintethereseliliaplouguerneau.fr\/index.php\/wp-json\/wp\/v2\/pages\/299"}],"collection":[{"href":"https:\/\/ecolesaintethereseliliaplouguerneau.fr\/index.php\/wp-json\/wp\/v2\/pages"}],"about":[{"href":"https:\/\/ecolesaintethereseliliaplouguerneau.fr\/index.php\/wp-json\/wp\/v2\/types\/page"}],"author":[{"embeddable":true,"href":"https:\/\/ecolesaintethereseliliaplouguerneau.fr\/index.php\/wp-json\/wp\/v2\/users\/1"}],"replies":[{"embeddable":true,"href":"https:\/\/ecolesaintethereseliliaplouguerneau.fr\/index.php\/wp-json\/wp\/v2\/comments?post=299"}],"version-history":[{"count":15,"href":"https:\/\/ecolesaintethereseliliaplouguerneau.fr\/index.php\/wp-json\/wp\/v2\/pages\/299\/revisions"}],"predecessor-version":[{"id":7236,"href":"https:\/\/ecolesaintethereseliliaplouguerneau.fr\/index.php\/wp-json\/wp\/v2\/pages\/299\/revisions\/7236"}],"wp:attachment":[{"href":"https:\/\/ecolesaintethereseliliaplouguerneau.fr\/index.php\/wp-json\/wp\/v2\/media?parent=299"}],"curies":[{"name":"wp","href":"https:\/\/api.w.org\/{rel}","templated":true}]}}