{"id":455,"date":"2019-11-06T16:15:38","date_gmt":"2019-11-06T15:15:38","guid":{"rendered":"http:\/\/ecolesaintethereseliliaplouguerneau.fr\/?page_id=455"},"modified":"2025-03-16T21:46:59","modified_gmt":"2025-03-16T20:46:59","slug":"ogec","status":"publish","type":"page","link":"https:\/\/ecolesaintethereseliliaplouguerneau.fr\/index.php\/ogec\/","title":{"rendered":"OGEC"},"content":{"rendered":"<p>[et_pb_section fb_built=\u00a0\u00bb1&Prime; admin_label=\u00a0\u00bbsection\u00a0\u00bb _builder_version=\u00a0\u00bb3.0.47&Prime;][et_pb_row admin_label=\u00a0\u00bbrow\u00a0\u00bb _builder_version=\u00a0\u00bb3.0.48&Prime; background_size=\u00a0\u00bbinitial\u00a0\u00bb background_position=\u00a0\u00bbtop_left\u00a0\u00bb background_repeat=\u00a0\u00bbrepeat\u00a0\u00bb][et_pb_column type=\u00a0\u00bb4_4&Prime; _builder_version=\u00a0\u00bb3.0.47&Prime; parallax=\u00a0\u00bboff\u00a0\u00bb parallax_method=\u00a0\u00bbon\u00a0\u00bb][et_pb_text admin_label=\u00a0\u00bbText\u00a0\u00bb _builder_version=\u00a0\u00bb3.0.74&Prime; background_size=\u00a0\u00bbinitial\u00a0\u00bb background_position=\u00a0\u00bbtop_left\u00a0\u00bb background_repeat=\u00a0\u00bbrepeat\u00a0\u00bb]<\/p>\n<p>L&rsquo;Organisation de Gestion de l&rsquo;Enseignement Catholique est une association constitu\u00e9e au sein de l&rsquo;\u00e9cole par des membres de droits (Direction dioc\u00e9saine, repr\u00e9sentants de l&rsquo;Union D\u00e9partementale des OGEC, Pr\u00e9sident(e) de l&rsquo;APEL) et par des membres \u00e9lus. Ces derniers sont souvent des parents, mais ce peut-\u00eatre aussi des amis de l&rsquo;\u00e9tablissement, anciens \u00e9l\u00e8ves ou parents, ayant un peu de temps \u00e0 consacrer \u00e0 la vie de l&rsquo;\u00e9cole.<\/p>\n<p>L&rsquo;OGEC intervient surtout dans le domaine \u00e9conomique et financier car c&rsquo;est cette association qui donne une existence juridique \u00e0 l&rsquo;\u00e9cole. Ses missions portent sur le suivi du budget, la d\u00e9termination de la contribution des familles pour les investissements et l&rsquo;entretien des locaux. Elle signe les contrats de travail des personnels de service et d&rsquo;administration.<\/p>\n<p>Ce travail se fait bien \u00e9videmment en collaboration avec le chef d&rsquo;\u00e9tablissement.<\/p>\n<table width=\"850\">\n<tbody>\n<tr>\n<td colspan=\"2\" width=\"850\"><strong>COMPOSITION DU BUREAU OGEC<\/strong><\/td>\n<\/tr>\n<tr>\n<td width=\"397\">Co-Pr\u00e9sidentes<\/td>\n<td width=\"454\">\n<p>Coralie GUIAVARCH<\/p>\n<p>Julie CAMPILLO<\/p>\n<\/td>\n<\/tr>\n<tr>\n<td width=\"397\">Co-Secr\u00e9taires<\/td>\n<td width=\"454\">\n<p>Muriel QUINQUIS<\/p>\n<\/td>\n<\/tr>\n<tr>\n<td width=\"397\">Co-Tr\u00e9soriers<\/td>\n<td width=\"454\">\n<p>R\u00e9gis KERVELLA<\/p>\n<p>Marine LE NORMAND<\/p>\n<\/td>\n<\/tr>\n<tr>\n<td rowspan=\"2\" width=\"397\">Membres<\/td>\n<td width=\"454\">D\u00e9borah GALLO<\/td>\n<\/tr>\n<tr>\n<td width=\"454\"><\/td>\n<\/tr>\n<tr>\n<td width=\"397\">Pr\u00e9sidentes APEL<\/td>\n<td width=\"454\">Laetitia LE JEUNE et Morgane LE GUEN<\/td>\n<\/tr>\n<tr>\n<td width=\"397\">Chef d\u2019\u00e9tablissement<\/td>\n<td width=\"454\">Sophiane LE GOFF<\/td>\n<\/tr>\n<\/tbody>\n<\/table>\n<p>&nbsp;<\/p>\n<p>[\/et_pb_text][\/et_pb_column][\/et_pb_row][\/et_pb_section]<\/p>\n","protected":false},"excerpt":{"rendered":"<p>[et_pb_section fb_built=\u00a0\u00bb1&Prime; admin_label=\u00a0\u00bbsection\u00a0\u00bb _builder_version=\u00a0\u00bb3.0.47&Prime;][et_pb_row admin_label=\u00a0\u00bbrow\u00a0\u00bb _builder_version=\u00a0\u00bb3.0.48&Prime; background_size=\u00a0\u00bbinitial\u00a0\u00bb background_position=\u00a0\u00bbtop_left\u00a0\u00bb background_repeat=\u00a0\u00bbrepeat\u00a0\u00bb][et_pb_column type=\u00a0\u00bb4_4&Prime; _builder_version=\u00a0\u00bb3.0.47&Prime; parallax=\u00a0\u00bboff\u00a0\u00bb parallax_method=\u00a0\u00bbon\u00a0\u00bb][et_pb_text admin_label=\u00a0\u00bbText\u00a0\u00bb _builder_version=\u00a0\u00bb3.0.74&Prime; background_size=\u00a0\u00bbinitial\u00a0\u00bb background_position=\u00a0\u00bbtop_left\u00a0\u00bb background_repeat=\u00a0\u00bbrepeat\u00a0\u00bb] L&rsquo;Organisation de Gestion de l&rsquo;Enseignement Catholique est une association constitu\u00e9e au sein de l&rsquo;\u00e9cole par des membres de droits (Direction dioc\u00e9saine, repr\u00e9sentants de l&rsquo;Union D\u00e9partementale des OGEC, Pr\u00e9sident(e) de l&rsquo;APEL) et par des membres \u00e9lus. Ces derniers [&hellip;]<\/p>\n","protected":false},"author":7,"featured_media":0,"parent":0,"menu_order":0,"comment_status":"closed","ping_status":"closed","template":"","meta":{"footnotes":""},"_links":{"self":[{"href":"https:\/\/ecolesaintethereseliliaplouguerneau.fr\/index.php\/wp-json\/wp\/v2\/pages\/455"}],"collection":[{"href":"https:\/\/ecolesaintethereseliliaplouguerneau.fr\/index.php\/wp-json\/wp\/v2\/pages"}],"about":[{"href":"https:\/\/ecolesaintethereseliliaplouguerneau.fr\/index.php\/wp-json\/wp\/v2\/types\/page"}],"author":[{"embeddable":true,"href":"https:\/\/ecolesaintethereseliliaplouguerneau.fr\/index.php\/wp-json\/wp\/v2\/users\/7"}],"replies":[{"embeddable":true,"href":"https:\/\/ecolesaintethereseliliaplouguerneau.fr\/index.php\/wp-json\/wp\/v2\/comments?post=455"}],"version-history":[{"count":15,"href":"https:\/\/ecolesaintethereseliliaplouguerneau.fr\/index.php\/wp-json\/wp\/v2\/pages\/455\/revisions"}],"predecessor-version":[{"id":10222,"href":"https:\/\/ecolesaintethereseliliaplouguerneau.fr\/index.php\/wp-json\/wp\/v2\/pages\/455\/revisions\/10222"}],"wp:attachment":[{"href":"https:\/\/ecolesaintethereseliliaplouguerneau.fr\/index.php\/wp-json\/wp\/v2\/media?parent=455"}],"curies":[{"name":"wp","href":"https:\/\/api.w.org\/{rel}","templated":true}]}}