{"id":9835,"date":"2025-01-09T21:51:37","date_gmt":"2025-01-09T20:51:37","guid":{"rendered":"https:\/\/ecolesaintethereseliliaplouguerneau.fr\/?page_id=9835"},"modified":"2025-11-30T19:28:24","modified_gmt":"2025-11-30T18:28:24","slug":"edition-2-2025","status":"publish","type":"page","link":"https:\/\/ecolesaintethereseliliaplouguerneau.fr\/index.php\/edition-2-2025\/","title":{"rendered":"Edition 2 &#8211; 2025"},"content":{"rendered":"<p>[et_pb_section fb_built=\u00a0\u00bb1&Prime; _builder_version=\u00a0\u00bb3.17.6&Prime;][et_pb_row custom_padding=\u00a0\u00bb27px|0px|12px|0px|false|false\u00a0\u00bb _builder_version=\u00a0\u00bb3.17.6&Prime;][et_pb_column type=\u00a0\u00bb4_4&Prime; _builder_version=\u00a0\u00bb3.17.6&Prime; parallax=\u00a0\u00bboff\u00a0\u00bb parallax_method=\u00a0\u00bbon\u00a0\u00bb][et_pb_text _builder_version=\u00a0\u00bb3.17.6&Prime;]<\/p>\n<h3><strong>L&rsquo;\u00c9cole Sainte-Th\u00e9r\u00e8se relance son \u00ab\u00a0Th\u00e9r\u00e8se Trail\u00a0\u00bb pour une 2\u00e8me \u00e9dition !<\/strong><\/h3>\n<p>&nbsp;<\/p>\n<p>Apr\u00e8s le succ\u00e8s de la premi\u00e8re \u00e9dition, l&rsquo;\u00e9cole Sainte-Th\u00e9r\u00e8se est ravie de vous inviter \u00e0 la <strong>2\u00e8me \u00e9dition du Th\u00e9r\u00e8se Trail<\/strong>, qui aura lieu le <strong>dimanche 29 juin<\/strong>.<\/p>\n<p>&nbsp;<\/p>\n<p>Ce trail est l\u2019occasion parfaite de combiner sport, convivialit\u00e9 et solidarit\u00e9, tout en profitant des magnifiques paysages c\u00f4tiers de notre belle r\u00e9gion. Petits et grands, d\u00e9butants ou confirm\u00e9s, chacun trouvera son bonheur avec des parcours adapt\u00e9s \u00e0 tous les niveaux.<\/p>\n<h3><strong>Au programme :<\/strong><\/h3>\n<ul>\n<li><strong>Trail de 11 km<\/strong> : suivez un parcours dans le sens inverse de l\u2019\u00e9dition 2024 pour une nouvelle exp\u00e9rience !<\/li>\n<li><strong>Marche de 11 km<\/strong> : profitez du m\u00eame itin\u00e9raire dans un cadre d\u00e9tendu et accessible \u00e0 tous.<\/li>\n<li><strong>Courses enfants<\/strong> :\n<ul>\n<li><strong>0,3 km pour les maternelles<\/strong><\/li>\n<li><strong>1,3 km pour les primaires<\/strong><\/li>\n<\/ul>\n<\/li>\n<\/ul>\n<h3><strong>Comment participer ?<\/strong><\/h3>\n<p>Les inscriptions ouvriront le <strong>30 mars<\/strong>, alors marquez la date dans vos agendas ! Attention, le nombre de participants sera limit\u00e9, alors ne tardez pas \u00e0 vous inscrire.<\/p>\n<p>Lien d&rsquo;inscription :\u00a0 <a href=\"https:\/\/www.klikego.com\/inscription\/therese-trail-2025\/running-course-a-pied-marche-nordique\/1701938371543-2\">https:\/\/www.klikego.com\/inscription\/therese-trail-2025\/running-course-a-pied-marche-nordique\/1701938371543-2<\/a><\/p>\n<p><a href=\"https:\/\/www.klikego.com\/inscription\/therese-trail-2025\/running-course-a-pied-marche-nordique\/1701938371543-2\"><\/a>\u00a0<\/p>\n<p>Nous vous attendons nombreux pour partager ensemble cette journ\u00e9e sportive et conviviale. Alors, sortez vos baskets et pr\u00e9parez-vous \u00e0 relever le d\u00e9fi dans une ambiance chaleureuse et dynamique !<\/p>\n<p>\u00c0 tr\u00e8s bient\u00f4t sur la ligne de d\u00e9part,<\/p>\n<p>&nbsp;<\/p>\n<h3><strong>Merci<\/strong><\/h3>\n<p>Nous tenons \u00e0 adresser un<span>\u00a0<\/span><strong>grand merci<\/strong><span>\u00a0<\/span>\u00e0 tous les participants, b\u00e9n\u00e9voles et spectateurs qui ont contribu\u00e9 \u00e0 faire de cet \u00e9v\u00e9nement une v\u00e9ritable r\u00e9ussite. Gr\u00e2ce \u00e0 votre enthousiasme et \u00e0 votre engagement, cette journ\u00e9e sportive et conviviale restera grav\u00e9e dans nos m\u00e9moires.<\/p>\n<p>Ce succ\u00e8s nous motive \u00e0 poursuivre l\u2019aventure, et nous sommes d\u00e9j\u00e0 impatients de vous retrouver pour la prochaine \u00e9dition !<\/p>\n<p>Encore merci \u00e0 tous pour votre pr\u00e9sence et votre soutien. \u00c0 tr\u00e8s bient\u00f4t pour de nouvelles aventures sportives avec l\u2019\u00e9cole Sainte-Th\u00e9r\u00e8se.<\/p>\n<p>L\u2019\u00e9quipe organisatrice du Th\u00e9r\u00e8se Trail<\/p>\n<p>&nbsp;<\/p>\n<h3><strong>R\u00e9sultat<\/strong><\/h3>\n<div dir=\"auto\" class=\"html-div xdj266r x11i5rnm xat24cr x1mh8g0r xexx8yu x4uap5 x18d9i69 xkhd6sd\">\n<div data-ad-rendering-role=\"story_message\" class=\"html-div xdj266r x11i5rnm xat24cr x1mh8g0r xexx8yu x4uap5 x18d9i69 xkhd6sd\">\n<div class=\"x1l90r2v x1iorvi4 x1ye3gou xn6708d\" data-ad-comet-preview=\"message\" data-ad-preview=\"message\" id=\":r1d4:\">\n<div class=\"x78zum5 xdt5ytf xz62fqu x16ldp7u\">\n<div class=\"xu06os2 x1ok221b\">\n<div class=\"xdj266r x11i5rnm xat24cr x1mh8g0r x1vvkbs x126k92a\">\n<div dir=\"auto\">Voici les r\u00e9sultats du trail Meme Lilia :<span>\u00a0<\/span><a href=\"https:\/\/docs.google.com\/spreadsheets\/d\/1M5DGpQ5Gl5zkQpLqTyE4dCzXhb2ojqbf\/edit?fbclid=IwY2xjawHxCJ5leHRuA2FlbQIxMQABHZdkuEvYthigZ2f00n7YI_ell4E1AhJYODL0ZZqv_j7RGRx2zHtdGx_F6Q_aem_Oirh9uk1tpwkTSjAXBHU-w&amp;gid=781982578#gid=781982578\">r\u00e9sultats 2025.<\/a><\/div>\n<\/div>\n<\/div>\n<\/div>\n<\/div>\n<\/div>\n<\/div>\n<p>&nbsp;<\/p>\n<h3><strong>Nos partenaires :\u00a0<\/strong><\/h3>\n<p>&nbsp;<\/p>\n<p>[\/et_pb_text][\/et_pb_column][\/et_pb_row][et_pb_row _builder_version=\u00a0\u00bb3.17.6&Prime;][et_pb_column type=\u00a0\u00bb4_4&Prime; _builder_version=\u00a0\u00bb3.17.6&Prime; parallax=\u00a0\u00bboff\u00a0\u00bb parallax_method=\u00a0\u00bbon\u00a0\u00bb][et_pb_image src=\u00a0\u00bbhttp:\/\/ecolesaintethereseliliaplouguerneau.fr\/wp-content\/uploads\/2025\/01\/Affiche-Therese-Trail-2025-2.jpeg\u00a0\u00bb _builder_version=\u00a0\u00bb3.17.6&Prime;][\/et_pb_image][\/et_pb_column][\/et_pb_row][\/et_pb_section]<\/p>\n","protected":false},"excerpt":{"rendered":"<p>[et_pb_section fb_built=\u00a0\u00bb1&Prime; _builder_version=\u00a0\u00bb3.17.6&Prime;][et_pb_row custom_padding=\u00a0\u00bb27px|0px|12px|0px|false|false\u00a0\u00bb _builder_version=\u00a0\u00bb3.17.6&Prime;][et_pb_column type=\u00a0\u00bb4_4&Prime; _builder_version=\u00a0\u00bb3.17.6&Prime; parallax=\u00a0\u00bboff\u00a0\u00bb parallax_method=\u00a0\u00bbon\u00a0\u00bb][et_pb_text _builder_version=\u00a0\u00bb3.17.6&Prime;] L&rsquo;\u00c9cole Sainte-Th\u00e9r\u00e8se relance son \u00ab\u00a0Th\u00e9r\u00e8se Trail\u00a0\u00bb pour une 2\u00e8me \u00e9dition ! &nbsp; Apr\u00e8s le succ\u00e8s de la premi\u00e8re \u00e9dition, l&rsquo;\u00e9cole Sainte-Th\u00e9r\u00e8se est ravie de vous inviter \u00e0 la 2\u00e8me \u00e9dition du Th\u00e9r\u00e8se Trail, qui aura lieu le dimanche 29 juin. &nbsp; Ce trail est l\u2019occasion [&hellip;]<\/p>\n","protected":false},"author":7,"featured_media":0,"parent":0,"menu_order":0,"comment_status":"closed","ping_status":"closed","template":"","meta":{"footnotes":""},"_links":{"self":[{"href":"https:\/\/ecolesaintethereseliliaplouguerneau.fr\/index.php\/wp-json\/wp\/v2\/pages\/9835"}],"collection":[{"href":"https:\/\/ecolesaintethereseliliaplouguerneau.fr\/index.php\/wp-json\/wp\/v2\/pages"}],"about":[{"href":"https:\/\/ecolesaintethereseliliaplouguerneau.fr\/index.php\/wp-json\/wp\/v2\/types\/page"}],"author":[{"embeddable":true,"href":"https:\/\/ecolesaintethereseliliaplouguerneau.fr\/index.php\/wp-json\/wp\/v2\/users\/7"}],"replies":[{"embeddable":true,"href":"https:\/\/ecolesaintethereseliliaplouguerneau.fr\/index.php\/wp-json\/wp\/v2\/comments?post=9835"}],"version-history":[{"count":8,"href":"https:\/\/ecolesaintethereseliliaplouguerneau.fr\/index.php\/wp-json\/wp\/v2\/pages\/9835\/revisions"}],"predecessor-version":[{"id":12382,"href":"https:\/\/ecolesaintethereseliliaplouguerneau.fr\/index.php\/wp-json\/wp\/v2\/pages\/9835\/revisions\/12382"}],"wp:attachment":[{"href":"https:\/\/ecolesaintethereseliliaplouguerneau.fr\/index.php\/wp-json\/wp\/v2\/media?parent=9835"}],"curies":[{"name":"wp","href":"https:\/\/api.w.org\/{rel}","templated":true}]}}